{"id":513,"date":"2022-03-31T11:15:17","date_gmt":"2022-03-31T09:15:17","guid":{"rendered":"https:\/\/www.fsi-psychologie-fau.de\/?page_id=513"},"modified":"2025-01-06T20:42:44","modified_gmt":"2025-01-06T19:42:44","slug":"ersti-hilfe","status":"publish","type":"page","link":"https:\/\/www.fsi-psychologie-fau.de\/index.php\/ersti-hilfe\/","title":{"rendered":""},"content":{"rendered":"\n<h2 class=\"wp-block-heading\">News+++News+++News+++News<\/h2>\n\n\n<ul class=\"wp-block-latest-posts__list has-dates wp-block-latest-posts\"><\/ul>\n\n\n<hr class=\"wp-block-separator has-css-opacity\"\/>\n\n\n\n<hr class=\"wp-block-separator has-css-opacity\"\/>\n\n\n\n<h1 class=\"wp-block-heading has-text-align-center\">Ersti-Hilfe<\/h1>\n\n\n\n<p>Aller Anfang ist schwer. Selbst f\u00fcr alt-eingesessene Erlanger ist es manchmal eine Herausforderung, sich an der Uni und in den verschiedenen Geb\u00e4uden zurechtzufinden. F\u00fcr die Zugezogenen unter euch wird Google Maps innerhalb der ersten paar Wochen vermutlich ein treuer Begleiter sein. Die zig Websites und diversen Verlinkungen zu allen m\u00f6glichen Themen sind dabei nur teilweise hilfreich. Oft f\u00fchren sie auch nur zu noch mehr Verwirrung.<\/p>\n\n\n\n<p>Deswegen haben wir euch hier mal alles auf einen Blick zusammengefasst.<\/p>\n\n\n\n<h2 class=\"wp-block-heading\">Wichtige Links<\/h2>\n\n\n\n<div class=\"wp-block-columns is-layout-flex wp-container-core-columns-is-layout-28f84493 wp-block-columns-is-layout-flex\">\n<div class=\"wp-block-column is-layout-flow wp-block-column-is-layout-flow\" style=\"flex-basis:33.33%\">\n<div class=\"wp-block-buttons is-content-justification-center is-layout-flex wp-container-core-buttons-is-layout-a89b3969 wp-block-buttons-is-layout-flex\">\n<div class=\"wp-block-button has-custom-width wp-block-button__width-75 is-style-outline is-style-outline--1\"><a class=\"wp-block-button__link wp-element-button\" href=\"https:\/\/www.psychologie.phil.fau.de\" style=\"border-radius:100px\" target=\"_blank\" rel=\"noreferrer noopener\">Jetzt anschauen<\/a><\/div>\n<\/div>\n<\/div>\n\n\n\n<div class=\"wp-block-column is-layout-flow wp-block-column-is-layout-flow\" style=\"flex-basis:66.66%\">\n<p><strong>Institut f\u00fcr Psychologie<\/strong><br>Ansprechpartner, <a href=\"https:\/\/www.psychologie.phil.fau.de\/studium\/formulare-informationen-und-downloads\/\" data-type=\"URL\" data-id=\"https:\/\/www.psychologie.phil.fau.de\/studium\/formulare-informationen-und-downloads\/\" target=\"_blank\" rel=\"noreferrer noopener\">Formulare<\/a>, Termine<\/p>\n<\/div>\n<\/div>\n\n\n\n<div class=\"wp-block-columns is-layout-flex wp-container-core-columns-is-layout-28f84493 wp-block-columns-is-layout-flex\">\n<div class=\"wp-block-column is-layout-flow wp-block-column-is-layout-flow\" style=\"flex-basis:33.33%\">\n<div class=\"wp-block-buttons is-content-justification-center is-layout-flex wp-container-core-buttons-is-layout-a89b3969 wp-block-buttons-is-layout-flex\">\n<div class=\"wp-block-button has-custom-width wp-block-button__width-75 is-style-outline is-style-outline--2\"><a class=\"wp-block-button__link wp-element-button\" href=\"https:\/\/meinstudium.fau.de\/faqs-zum-studium\/\" style=\"border-radius:100px\" target=\"_blank\" rel=\"noreferrer noopener\">Jetzt anschauen<\/a><\/div>\n<\/div>\n<\/div>\n\n\n\n<div class=\"wp-block-column is-layout-flow wp-block-column-is-layout-flow\" style=\"flex-basis:66.66%\">\n<p><strong>FAQs zum Studienbeginn<br><\/strong>BAf\u00f6G, Wohnen, Bewerbung, Auslandssemester&#8230;<\/p>\n<\/div>\n<\/div>\n\n\n\n<div class=\"wp-block-columns is-layout-flex wp-container-core-columns-is-layout-28f84493 wp-block-columns-is-layout-flex\">\n<div class=\"wp-block-column is-layout-flow wp-block-column-is-layout-flow\" style=\"flex-basis:33.33%\">\n<div class=\"wp-block-buttons is-content-justification-center is-layout-flex wp-container-core-buttons-is-layout-a89b3969 wp-block-buttons-is-layout-flex\">\n<div class=\"wp-block-button has-custom-width wp-block-button__width-75 is-style-outline is-style-outline--3\"><a class=\"wp-block-button__link wp-element-button\" href=\"https:\/\/www.fau.de\/education\/studienorganisation\/\" style=\"border-radius:100px\" target=\"_blank\" rel=\"noreferrer noopener\">Jetzt anschauen<\/a><\/div>\n<\/div>\n<\/div>\n\n\n\n<div class=\"wp-block-column is-layout-flow wp-block-column-is-layout-flow\" style=\"flex-basis:66.66%\">\n<p><strong>Studienorganisation<\/strong><br>Was gibt es f\u00fcr Portale? Wann beginnen die Vorlesungen? Und ein praktisches Tutorial zur Stundenplanerstellung.<\/p>\n<\/div>\n<\/div>\n\n\n\n<div class=\"wp-block-columns is-layout-flex wp-container-core-columns-is-layout-28f84493 wp-block-columns-is-layout-flex\">\n<div class=\"wp-block-column is-layout-flow wp-block-column-is-layout-flow\" style=\"flex-basis:33.33%\">\n<div class=\"wp-block-buttons is-content-justification-center is-layout-flex wp-container-core-buttons-is-layout-a89b3969 wp-block-buttons-is-layout-flex\">\n<div class=\"wp-block-button has-custom-width wp-block-button__width-75 is-style-outline is-style-outline--4\"><a class=\"wp-block-button__link wp-element-button\" href=\"https:\/\/www.hochschulsport.fau.de\/\" style=\"border-radius:100px\" target=\"_blank\" rel=\"noreferrer noopener\">Jetzt anschauen<\/a><\/div>\n<\/div>\n<\/div>\n\n\n\n<div class=\"wp-block-column is-layout-flow wp-block-column-is-layout-flow\" style=\"flex-basis:66.66%\">\n<p><strong>Unisport<\/strong><br>An der FAU k\u00f6nnt ihr jede Menge Sport machen. Meldet euch am Besten immer direkt nach Freischaltung an, die meisten Pl\u00e4tze sind sehr schnell vergeben.<\/p>\n<\/div>\n<\/div>\n\n\n\n<div class=\"wp-block-columns is-layout-flex wp-container-core-columns-is-layout-28f84493 wp-block-columns-is-layout-flex\">\n<div class=\"wp-block-column is-layout-flow wp-block-column-is-layout-flow\" style=\"flex-basis:33.33%\">\n<div class=\"wp-block-buttons is-content-justification-center is-layout-flex wp-container-core-buttons-is-layout-a89b3969 wp-block-buttons-is-layout-flex\">\n<div class=\"wp-block-button has-custom-width wp-block-button__width-75 is-style-outline is-style-outline--5\"><a class=\"wp-block-button__link wp-element-button\" href=\"https:\/\/sz.fau.de\/sprachkurse\/\" style=\"border-radius:100px\" target=\"_blank\" rel=\"noreferrer noopener\">Jetzt anschauen<\/a><\/div>\n<\/div>\n<\/div>\n\n\n\n<div class=\"wp-block-column is-layout-flow wp-block-column-is-layout-flow\" style=\"flex-basis:66.66%\">\n<p><strong>Sprachkurse<\/strong><br>Falls ihr schon immer eine neue Sprache lernen wolltet oder euer Wissen etwas auffrischen wollt, schaut euch im Sprachenzentrum um. Auch hier solltet ihr euch zeitig anmelden, da das Angebot beliebt ist.<\/p>\n<\/div>\n<\/div>\n\n\n\n<div class=\"wp-block-columns is-layout-flex wp-container-core-columns-is-layout-28f84493 wp-block-columns-is-layout-flex\">\n<div class=\"wp-block-column is-layout-flow wp-block-column-is-layout-flow\" style=\"flex-basis:33.33%\">\n<div class=\"wp-block-buttons is-content-justification-center is-layout-flex wp-container-core-buttons-is-layout-a89b3969 wp-block-buttons-is-layout-flex\">\n<div class=\"wp-block-button has-custom-width wp-block-button__width-100 is-style-outline is-style-outline--6\"><a class=\"wp-block-button__link wp-element-button\" href=\"https:\/\/www.youtube.com\/watch?v=Y_yC8RAGamM&amp;t=89s\" style=\"border-radius:100px\" target=\"_blank\" rel=\"noreferrer noopener\">Jetzt anschauen<\/a><\/div>\n<\/div>\n<\/div>\n\n\n\n<div class=\"wp-block-column is-layout-flow wp-block-column-is-layout-flow\" style=\"flex-basis:66.66%\">\n<p><strong>Hilfe zu SPSS gef\u00e4llig?<\/strong><br>Bj\u00f6rn Walther gibt Tipps und Einf\u00fchrungen.<\/p>\n<\/div>\n<\/div>\n\n\n\n<hr class=\"wp-block-separator has-css-opacity\"\/>\n\n\n\n<h2 class=\"wp-block-heading\">Der FSI beitreten<\/h2>\n\n\n\n<p>Wir werden immer wieder gefragt, wie man sich denn selbst engagieren kann und der FSI beitreten kann. Schickt uns daf\u00fcr einfach eine Mail oder Nachricht auf Instagram und vielleicht sieht man sich dann ja in der n\u00e4chsten Sitzung! Au\u00dferdem gibt es jedes Semester eine extra Einstiegssitzung, bei der wir euch alles rund um das FSI-Leben erkl\u00e4ren.<\/p>\n\n\n\n<hr class=\"wp-block-separator has-css-opacity\"\/>\n\n\n\n<h2 class=\"wp-block-heading\">Kontakt<\/h2>\n\n\n\n<p>Die Uni besteht aus hunderten von Einrichtungen mit mehreren tausend MitarbeiterInnen. \u00dcber die zentrale Telefonnummer werdet ihr je nach Anliegen an die richtige Stelle weitergeleitet +49 9131 85-0<\/p>\n\n\n\n<p>F\u00fcr Anliegen rund um das Thema Psychologiestudium sind hier eure <a rel=\"noreferrer noopener\" href=\"https:\/\/www.psychologie.phil.fau.de\/institut\/organe-und-gremien\/studiengangsverantwortlicher-des-instituts\/\" data-type=\"URL\" data-id=\"https:\/\/www.psychologie.phil.fau.de\/institut\/organe-und-gremien\/studiengangsverantwortlicher-des-instituts\/\" target=\"_blank\">Ansprechpartnerinnen<\/a>. <\/p>\n\n\n\n<p>Ansprechpartnerin im Pr\u00fcfungsamt f\u00fcr die verwaltungstechnische Seite explizit f\u00fcr Psychologie ist Frau Katharina Martin (Tel. 09131\/24843; katharina.f.martin@fau.de).<\/p>\n\n\n\n<p>Falls ihr noch weitere Fragen habt, schreibt auch gerne uns eine Mail. Wir versuchen euch so schnell wie m\u00f6glich zu helfen. <a href=\"fsi-psychologie@fau.de\" data-type=\"URL\" data-id=\"fsi-psychologie@fau.de\">fsi-psychologie@fau.de<\/a><\/p>\n\n\n\n<hr class=\"wp-block-separator has-css-opacity\"\/>\n\n\n\n<h2 class=\"wp-block-heading\">R\u00e4ume<\/h2>\n\n\n\n<p>Da die FAU keine Campus-Uni ist, sind Vorlesungen und Seminare sch\u00f6n verstreut in Erlangen. Deshalb haben wir die wichtigsten R\u00e4ume einmal mit Links zu Google Maps zusammengefasst.<\/p>\n\n\n\n<p style=\"font-size:16px\"><strong><a rel=\"noreferrer noopener\" href=\"https:\/\/goo.gl\/maps\/sW7xrwHc9R6dvTeq5\" data-type=\"URL\" data-id=\"https:\/\/goo.gl\/maps\/sW7xrwHc9R6dvTeq5\" target=\"_blank\">Studienzentrum Stintzingstra\u00dfe<br><\/a><\/strong>Hier finden sowohl Seminare, Tutorien und Vorlesungen statt. Die Stintzingstra\u00dfe ist etwas s\u00fcdlich gelegen, hier kommt ihr am besten mit Rad oder Bus hin.<\/p>\n\n\n\n<p><strong><a rel=\"noreferrer noopener\" href=\"https:\/\/goo.gl\/maps\/eY2K6y1M61Xtaw9U7\" data-type=\"URL\" data-id=\"https:\/\/goo.gl\/maps\/eY2K6y1M61Xtaw9U7\" target=\"_blank\">N\u00e4gelsbachstra\u00dfe 49A,B und C<br><\/a><\/strong>Hier sind viele Lehrst\u00fchle angesiedelt, genauso wie ein Seminarraum. Au\u00dferdem befindet sich hier unser FSI-Zimmer!<\/p>\n\n\n\n<p style=\"font-size:16px\"><strong><a rel=\"noreferrer noopener\" href=\"https:\/\/goo.gl\/maps\/ZhPhScbYSwPrPb5r9\" data-type=\"URL\" data-id=\"https:\/\/goo.gl\/maps\/ZhPhScbYSwPrPb5r9\" target=\"_blank\">Anatomieh\u00f6rsaal<\/a><\/strong><br>Direkt in der N\u00e4he des Bahnhofes finden auch ein paar Vorlesungen statt.<\/p>\n\n\n\n<p style=\"font-size:16px\"><strong><a rel=\"noreferrer noopener\" href=\"https:\/\/goo.gl\/maps\/J5Wnstu2D72hG5gG9\" data-type=\"URL\" data-id=\"https:\/\/goo.gl\/maps\/J5Wnstu2D72hG5gG9\" target=\"_blank\">Audimax<\/a><\/strong><br>Am gro\u00dfen H\u00f6rsaal kommt ihr sicher auch gelegentlich vorbei. <br><strong>\u00dcbrigens<\/strong>: In diesem Areal findet ihr auch die Teilbibliotheken zu vielen Studieng\u00e4ngen (inklusive Psychologie) und eine eigene Cafeteria! Wenn euch die Hauptbibliothek also mal zu voll ist, versucht es doch hier.<\/p>\n\n\n\n<p style=\"font-size:16px\"><strong><a rel=\"noreferrer noopener\" href=\"https:\/\/goo.gl\/maps\/J5Wnstu2D72hG5gG9\" data-type=\"URL\" data-id=\"https:\/\/goo.gl\/maps\/J5Wnstu2D72hG5gG9\" target=\"_blank\">Kleiner H\u00f6rsaal<\/a><\/strong><br>Direkt neben dem Audimax findet ihr den kleinen H\u00f6rsaal. <br><strong>\u00dcbrigens<\/strong>: In diesem Areal findet ihr auch die Teilbibliotheken zu vielen Studieng\u00e4ngen (inklusive Psychologie) und eine eigene Cafeteria! Wenn euch die Hauptbibliothek also mal zu voll ist, versucht es doch hier.<\/p>\n\n\n\n<p><strong><a rel=\"noreferrer noopener\" href=\"https:\/\/goo.gl\/maps\/shyEo9UDD9g1236t6\" data-type=\"URL\" data-id=\"https:\/\/goo.gl\/maps\/shyEo9UDD9g1236t6\" target=\"_blank\">Unibib<\/a><\/strong><br>Hier k\u00f6nnt ihr prima lernen und euch einen Kaffee g\u00f6nnen. In den Pr\u00fcfungszeiten kann es jedoch schnell einmal voll werden und ihr solltet euch Pl\u00e4tze reservieren.<\/p>\n\n\n\n<p><strong><a href=\"https:\/\/goo.gl\/maps\/jR53uCGrVShPRofn7\" data-type=\"URL\" data-id=\"https:\/\/goo.gl\/maps\/jR53uCGrVShPRofn7\" target=\"_blank\" rel=\"noreferrer noopener\">Mensa<\/a><\/strong><br>Hier gibt es preiswerte und (fast immer) schmackhafte Gerichte.<\/p>\n\n\n\n<hr class=\"wp-block-separator has-css-opacity\"\/>\n\n\n\n<h2 class=\"wp-block-heading\">Fristen<\/h2>\n\n\n\n<p><strong>R\u00fcckmeldung Semesterbeitrag<\/strong><br>Jedes Semester muss der Semesterbeitrag fristgerecht \u00fcberwiesen werden. Die Fristen findet ihr <a rel=\"noreferrer noopener\" href=\"https:\/\/www.fau.de\/education\/studienorganisation\/rueckmeldung\/\" data-type=\"URL\" data-id=\"https:\/\/www.fau.de\/education\/studienorganisation\/rueckmeldung\/\" target=\"_blank\">hier <\/a>oder ihr abonniert unseren <a rel=\"noreferrer noopener\" href=\"https:\/\/www.fsi-psychologie-fau.de\/index.php\/veranstaltungen\/\" data-type=\"URL\" data-id=\"https:\/\/www.fsi-psychologie-fau.de\/index.php\/veranstaltungen\/\" target=\"_blank\">Kalender<\/a>.<\/p>\n\n\n\n<p><strong>Pr\u00fcfungsanmeldung<\/strong><br>Ebenso solltet ihr euch f\u00fcr die Pr\u00fcfungen anmelden. Das funktioniert \u00fcber Campo. Die Fristen dazu findet ihr <a rel=\"noreferrer noopener\" href=\"https:\/\/www.fau.de\/education\/beratungs-und-servicestellen\/pruefungsaemter\/pruefungsamt-philosophische-fakultaet-und-fachbereich-theologie\/\" data-type=\"URL\" data-id=\"https:\/\/www.fau.de\/education\/beratungs-und-servicestellen\/pruefungsaemter\/pruefungsamt-philosophische-fakultaet-und-fachbereich-theologie\/\" target=\"_blank\">hier <\/a>oder wieder im <a rel=\"noreferrer noopener\" href=\"http:\/\/fsi-psychologie-fau.de\/index.php\/veranstaltungen\/\" data-type=\"URL\" data-id=\"fsi-psychologie-fau.de\/index.php\/veranstaltungen\/\" target=\"_blank\">Kalender <\/a>stehen.<\/p>\n","protected":false},"excerpt":{"rendered":"<p>News+++News+++News+++News Ersti-Hilfe Aller Anfang ist schwer. Selbst f\u00fcr alt-eingesessene Erlanger ist es manchmal eine Herausforderung, sich an der Uni und in den verschiedenen Geb\u00e4uden zurechtzufinden. F\u00fcr die Zugezogenen unter euch [&hellip;]<\/p>\n","protected":false},"author":6,"featured_media":0,"parent":0,"menu_order":0,"comment_status":"closed","ping_status":"closed","template":"","meta":{"site-sidebar-layout":"default","site-content-layout":"","ast-site-content-layout":"default","site-content-style":"default","site-sidebar-style":"default","ast-global-header-display":"","ast-banner-title-visibility":"","ast-main-header-display":"","ast-hfb-above-header-display":"","ast-hfb-below-header-display":"","ast-hfb-mobile-header-display":"","site-post-title":"","ast-breadcrumbs-content":"","ast-featured-img":"","footer-sml-layout":"","theme-transparent-header-meta":"","adv-header-id-meta":"","stick-header-meta":"","header-above-stick-meta":"","header-main-stick-meta":"","header-below-stick-meta":"","astra-migrate-meta-layouts":"set","ast-page-background-enabled":"default","ast-page-background-meta":{"desktop":{"background-color":"var(--ast-global-color-4)","background-image":"","background-repeat":"repeat","background-position":"center center","background-size":"auto","background-attachment":"scroll","background-type":"","background-media":"","overlay-type":"","overlay-color":"","overlay-opacity":"","overlay-gradient":""},"tablet":{"background-color":"","background-image":"","background-repeat":"repeat","background-position":"center center","background-size":"auto","background-attachment":"scroll","background-type":"","background-media":"","overlay-type":"","overlay-color":"","overlay-opacity":"","overlay-gradient":""},"mobile":{"background-color":"","background-image":"","background-repeat":"repeat","background-position":"center center","background-size":"auto","background-attachment":"scroll","background-type":"","background-media":"","overlay-type":"","overlay-color":"","overlay-opacity":"","overlay-gradient":""}},"ast-content-background-meta":{"desktop":{"background-color":"var(--ast-global-color-5)","background-image":"","background-repeat":"repeat","background-position":"center center","background-size":"auto","background-attachment":"scroll","background-type":"","background-media":"","overlay-type":"","overlay-color":"","overlay-opacity":"","overlay-gradient":""},"tablet":{"background-color":"var(--ast-global-color-5)","background-image":"","background-repeat":"repeat","background-position":"center center","background-size":"auto","background-attachment":"scroll","background-type":"","background-media":"","overlay-type":"","overlay-color":"","overlay-opacity":"","overlay-gradient":""},"mobile":{"background-color":"var(--ast-global-color-5)","background-image":"","background-repeat":"repeat","background-position":"center center","background-size":"auto","background-attachment":"scroll","background-type":"","background-media":"","overlay-type":"","overlay-color":"","overlay-opacity":"","overlay-gradient":""}},"_price":"","_stock":"","_tribe_ticket_header":"","_tribe_default_ticket_provider":"","_tribe_ticket_capacity":"0","_ticket_start_date":"","_ticket_end_date":"","_tribe_ticket_show_description":"","_tribe_ticket_show_not_going":false,"_tribe_ticket_use_global_stock":"","_tribe_ticket_global_stock_level":"","_global_stock_mode":"","_global_stock_cap":"","_tribe_rsvp_for_event":"","_tribe_ticket_going_count":"","_tribe_ticket_not_going_count":"","_tribe_tickets_list":"[]","_tribe_ticket_has_attendee_info_fields":false,"_EventAllDay":false,"_EventTimezone":"","_EventStartDate":"","_EventEndDate":"","_EventStartDateUTC":"","_EventEndDateUTC":"","_EventShowMap":false,"_EventShowMapLink":false,"_EventURL":"","_EventCost":"","_EventCostDescription":"","_EventCurrencySymbol":"","_EventCurrencyCode":"","_EventCurrencyPosition":"","_EventDateTimeSeparator":"","_EventTimeRangeSeparator":"","_EventOrganizerID":[],"_EventVenueID":[],"_OrganizerEmail":"","_OrganizerPhone":"","_OrganizerWebsite":"","_VenueAddress":"","_VenueCity":"","_VenueCountry":"","_VenueProvince":"","_VenueState":"","_VenueZip":"","_VenuePhone":"","_VenueURL":"","_VenueStateProvince":"","_VenueLat":"","_VenueLng":"","_VenueShowMap":false,"_VenueShowMapLink":false,"footnotes":"","_tec_slr_enabled":"","_tec_slr_layout":""},"class_list":["post-513","page","type-page","status-publish","hentry"],"publishpress_future_action":{"enabled":false,"date":"2026-05-08 09:13:04","action":"change-status","newStatus":"draft","terms":[],"taxonomy":"","extraData":[]},"publishpress_future_workflow_manual_trigger":{"enabledWorkflows":[]},"ticketed":false,"_links":{"self":[{"href":"https:\/\/www.fsi-psychologie-fau.de\/index.php\/wp-json\/wp\/v2\/pages\/513","targetHints":{"allow":["GET"]}}],"collection":[{"href":"https:\/\/www.fsi-psychologie-fau.de\/index.php\/wp-json\/wp\/v2\/pages"}],"about":[{"href":"https:\/\/www.fsi-psychologie-fau.de\/index.php\/wp-json\/wp\/v2\/types\/page"}],"author":[{"embeddable":true,"href":"https:\/\/www.fsi-psychologie-fau.de\/index.php\/wp-json\/wp\/v2\/users\/6"}],"replies":[{"embeddable":true,"href":"https:\/\/www.fsi-psychologie-fau.de\/index.php\/wp-json\/wp\/v2\/comments?post=513"}],"version-history":[{"count":65,"href":"https:\/\/www.fsi-psychologie-fau.de\/index.php\/wp-json\/wp\/v2\/pages\/513\/revisions"}],"predecessor-version":[{"id":2534,"href":"https:\/\/www.fsi-psychologie-fau.de\/index.php\/wp-json\/wp\/v2\/pages\/513\/revisions\/2534"}],"wp:attachment":[{"href":"https:\/\/www.fsi-psychologie-fau.de\/index.php\/wp-json\/wp\/v2\/media?parent=513"}],"curies":[{"name":"wp","href":"https:\/\/api.w.org\/{rel}","templated":true}]}}